{"id":10,"date":"2016-10-25T20:41:42","date_gmt":"2016-10-25T20:41:42","guid":{"rendered":"http:\/\/maxsauter.net\/photographie\/?page_id=10"},"modified":"2017-11-19T11:05:56","modified_gmt":"2017-11-19T10:05:56","slug":"maternite-grossesse-allaitement","status":"publish","type":"page","link":"https:\/\/maxsauter.net\/photographie\/maternite-grossesse-allaitement\/","title":{"rendered":"Maternit\u00e9"},"content":{"rendered":"<h2>Grossesse, Naissance &amp; Allaitement<\/h2>\n<p><img loading=\"lazy\" decoding=\"async\" class=\"alignnone wp-image-64 size-large\" src=\"https:\/\/maxsauter.net\/photographie\/wp-content\/uploads\/2016\/10\/grossesse-enceinte-accessoire-1024x683.jpg\" alt=\"grossesse-enceinte-accessoire\" width=\"900\" height=\"600\" srcset=\"https:\/\/maxsauter.net\/photographie\/wp-content\/uploads\/2016\/10\/grossesse-enceinte-accessoire-1024x683.jpg 1024w, https:\/\/maxsauter.net\/photographie\/wp-content\/uploads\/2016\/10\/grossesse-enceinte-accessoire-300x200.jpg 300w, https:\/\/maxsauter.net\/photographie\/wp-content\/uploads\/2016\/10\/grossesse-enceinte-accessoire-768x512.jpg 768w, https:\/\/maxsauter.net\/photographie\/wp-content\/uploads\/2016\/10\/grossesse-enceinte-accessoire.jpg 1980w\" sizes=\"auto, (max-width: 900px) 100vw, 900px\" \/><\/p>\n<p>Il n&rsquo;y a pas plus belle chose que donner la vie, et pas de moments o\u00f9 la femme n&rsquo;est plus belle qu&rsquo;<strong>enceinte<\/strong>. Voil\u00e0 pourquoi j&rsquo;aime tant photographier les femmes enceintes ou les couples impatients. Je vous recommande le shooting entre le 7\u00e8me et le 8\u00e8me mois de grossesse. Les formes sont quasiment au maximum et, mesdames, vous arrivez encore \u00e0 bouger un peu !<\/p>\n<p>Pour l&rsquo;<strong>allaitement<\/strong> par contre, il est pr\u00e9f\u00e9rable d&rsquo;attendre un peu, que le b\u00e9b\u00e9 soit le plus \u00e9veill\u00e9 possible : entre le 3\u00e8me et le 6\u00e8me mois si possible. Les shootings sont souvent assez courts pour ne pas fatiguer b\u00e9b\u00e9 et pour l&rsquo;avoir aussi souriant que possible.<\/p>\n<p>Si vous souhaitez (vous) offrir une <strong>s\u00e9ance de photo grossesse<\/strong> ou une <strong>s\u00e9ance de photo allaitement<\/strong>, rien de plus simple, adressez-moi votre demande via la <a href=\"https:\/\/maxsauter.net\/photographie\/contact\/\">formulaire de contact<\/a>.<\/p>\n<p>Dans la plupart des cas, le shooting aura lieu \u00e0 votre domicile. Les <strong>tarifs des shootings photo grossesse ou allaitement sont \u00e0 partir de 120 euros<\/strong>. (shooting + 10 photos retouch\u00e9es en haute qualit\u00e9 remises \u00e9lectroniquement). Les frais de d\u00e9placement sont au r\u00e9el. Inclus en zone couverte par le m\u00e9tro. Un devis d\u00e9taill\u00e9 vous sera adress\u00e9 apr\u00e8s un premier \u00e9change afin d&rsquo;\u00e9viter toute mauvaise surprise.<\/p>\n<p>Ci-dessous quelques exemples de shootings grossesse et allaitement.<\/p>\n<p><img loading=\"lazy\" decoding=\"async\" class=\"alignnone wp-image-73\" src=\"https:\/\/maxsauter.net\/photographie\/wp-content\/uploads\/2016\/10\/grossesse-soleil-683x1024.jpg\" alt=\"grossesse-soleil\" width=\"900\" height=\"1350\" srcset=\"https:\/\/maxsauter.net\/photographie\/wp-content\/uploads\/2016\/10\/grossesse-soleil-683x1024.jpg 683w, https:\/\/maxsauter.net\/photographie\/wp-content\/uploads\/2016\/10\/grossesse-soleil-200x300.jpg 200w, https:\/\/maxsauter.net\/photographie\/wp-content\/uploads\/2016\/10\/grossesse-soleil-768x1152.jpg 768w, https:\/\/maxsauter.net\/photographie\/wp-content\/uploads\/2016\/10\/grossesse-soleil.jpg 1320w\" sizes=\"auto, (max-width: 900px) 100vw, 900px\" \/><\/p>\n<p><img loading=\"lazy\" decoding=\"async\" class=\"alignnone wp-image-68 size-large\" src=\"https:\/\/maxsauter.net\/photographie\/wp-content\/uploads\/2016\/10\/grossesse-enceinte-nue-2-1024x683.jpg\" alt=\"grossesse-enceinte-nue-2\" width=\"900\" height=\"600\" srcset=\"https:\/\/maxsauter.net\/photographie\/wp-content\/uploads\/2016\/10\/grossesse-enceinte-nue-2-1024x683.jpg 1024w, https:\/\/maxsauter.net\/photographie\/wp-content\/uploads\/2016\/10\/grossesse-enceinte-nue-2-300x200.jpg 300w, https:\/\/maxsauter.net\/photographie\/wp-content\/uploads\/2016\/10\/grossesse-enceinte-nue-2-768x512.jpg 768w, https:\/\/maxsauter.net\/photographie\/wp-content\/uploads\/2016\/10\/grossesse-enceinte-nue-2.jpg 1980w\" sizes=\"auto, (max-width: 900px) 100vw, 900px\" \/><\/p>\n<p><img loading=\"lazy\" decoding=\"async\" class=\"alignnone wp-image-65 size-large\" src=\"https:\/\/maxsauter.net\/photographie\/wp-content\/uploads\/2016\/10\/grossesse-enceinte-couple-1-1024x683.jpg\" alt=\"grossesse-enceinte-couple-1\" width=\"900\" height=\"600\" srcset=\"https:\/\/maxsauter.net\/photographie\/wp-content\/uploads\/2016\/10\/grossesse-enceinte-couple-1-1024x683.jpg 1024w, https:\/\/maxsauter.net\/photographie\/wp-content\/uploads\/2016\/10\/grossesse-enceinte-couple-1-300x200.jpg 300w, https:\/\/maxsauter.net\/photographie\/wp-content\/uploads\/2016\/10\/grossesse-enceinte-couple-1-768x512.jpg 768w, https:\/\/maxsauter.net\/photographie\/wp-content\/uploads\/2016\/10\/grossesse-enceinte-couple-1.jpg 1980w\" sizes=\"auto, (max-width: 900px) 100vw, 900px\" \/><\/p>\n<p><img loading=\"lazy\" decoding=\"async\" class=\"alignnone wp-image-66 size-large\" src=\"https:\/\/maxsauter.net\/photographie\/wp-content\/uploads\/2016\/10\/grossesse-enceinte-couple-2-1024x683.jpg\" alt=\"grossesse-enceinte-couple-2\" width=\"900\" height=\"600\" srcset=\"https:\/\/maxsauter.net\/photographie\/wp-content\/uploads\/2016\/10\/grossesse-enceinte-couple-2-1024x683.jpg 1024w, https:\/\/maxsauter.net\/photographie\/wp-content\/uploads\/2016\/10\/grossesse-enceinte-couple-2-300x200.jpg 300w, https:\/\/maxsauter.net\/photographie\/wp-content\/uploads\/2016\/10\/grossesse-enceinte-couple-2-768x512.jpg 768w, https:\/\/maxsauter.net\/photographie\/wp-content\/uploads\/2016\/10\/grossesse-enceinte-couple-2.jpg 1980w\" sizes=\"auto, (max-width: 900px) 100vw, 900px\" \/><\/p>\n<p><img loading=\"lazy\" decoding=\"async\" class=\"alignnone wp-image-74\" src=\"https:\/\/maxsauter.net\/photographie\/wp-content\/uploads\/2016\/10\/grossesse-sourire-683x1024.jpg\" alt=\"grossesse-sourire\" width=\"900\" height=\"1350\" srcset=\"https:\/\/maxsauter.net\/photographie\/wp-content\/uploads\/2016\/10\/grossesse-sourire-683x1024.jpg 683w, https:\/\/maxsauter.net\/photographie\/wp-content\/uploads\/2016\/10\/grossesse-sourire-200x300.jpg 200w, https:\/\/maxsauter.net\/photographie\/wp-content\/uploads\/2016\/10\/grossesse-sourire-768x1152.jpg 768w, https:\/\/maxsauter.net\/photographie\/wp-content\/uploads\/2016\/10\/grossesse-sourire.jpg 1320w\" sizes=\"auto, (max-width: 900px) 100vw, 900px\" \/><\/p>\n<p><img loading=\"lazy\" decoding=\"async\" class=\"alignnone wp-image-71 size-large\" src=\"https:\/\/maxsauter.net\/photographie\/wp-content\/uploads\/2016\/10\/grossesse-highkey-accessoire-1024x683.jpg\" alt=\"grossesse-highkey-accessoire\" width=\"900\" height=\"600\" srcset=\"https:\/\/maxsauter.net\/photographie\/wp-content\/uploads\/2016\/10\/grossesse-highkey-accessoire-1024x683.jpg 1024w, https:\/\/maxsauter.net\/photographie\/wp-content\/uploads\/2016\/10\/grossesse-highkey-accessoire-300x200.jpg 300w, https:\/\/maxsauter.net\/photographie\/wp-content\/uploads\/2016\/10\/grossesse-highkey-accessoire-768x512.jpg 768w, https:\/\/maxsauter.net\/photographie\/wp-content\/uploads\/2016\/10\/grossesse-highkey-accessoire.jpg 1980w\" sizes=\"auto, (max-width: 900px) 100vw, 900px\" \/><\/p>\n<p><img loading=\"lazy\" decoding=\"async\" class=\"alignnone wp-image-67 size-large\" src=\"https:\/\/maxsauter.net\/photographie\/wp-content\/uploads\/2016\/10\/grossesse-enceinte-famille-1024x683.jpg\" alt=\"grossesse-enceinte-famille\" width=\"900\" height=\"600\" srcset=\"https:\/\/maxsauter.net\/photographie\/wp-content\/uploads\/2016\/10\/grossesse-enceinte-famille-1024x683.jpg 1024w, https:\/\/maxsauter.net\/photographie\/wp-content\/uploads\/2016\/10\/grossesse-enceinte-famille-300x200.jpg 300w, https:\/\/maxsauter.net\/photographie\/wp-content\/uploads\/2016\/10\/grossesse-enceinte-famille-768x512.jpg 768w, https:\/\/maxsauter.net\/photographie\/wp-content\/uploads\/2016\/10\/grossesse-enceinte-famille.jpg 1980w\" sizes=\"auto, (max-width: 900px) 100vw, 900px\" \/><\/p>\n<p><img loading=\"lazy\" decoding=\"async\" class=\"alignnone wp-image-62 size-large\" src=\"https:\/\/maxsauter.net\/photographie\/wp-content\/uploads\/2016\/10\/allaitement-nu-1024x683.jpg\" alt=\"allaitement-nu\" width=\"900\" height=\"600\" srcset=\"https:\/\/maxsauter.net\/photographie\/wp-content\/uploads\/2016\/10\/allaitement-nu-1024x683.jpg 1024w, https:\/\/maxsauter.net\/photographie\/wp-content\/uploads\/2016\/10\/allaitement-nu-300x200.jpg 300w, https:\/\/maxsauter.net\/photographie\/wp-content\/uploads\/2016\/10\/allaitement-nu-768x512.jpg 768w, https:\/\/maxsauter.net\/photographie\/wp-content\/uploads\/2016\/10\/allaitement-nu.jpg 1980w\" sizes=\"auto, (max-width: 900px) 100vw, 900px\" \/><\/p>\n<p><img loading=\"lazy\" decoding=\"async\" class=\"alignnone wp-image-60 size-large\" src=\"https:\/\/maxsauter.net\/photographie\/wp-content\/uploads\/2016\/10\/allaitement-nu-2-1024x683.jpg\" alt=\"allaitement-nu-2\" width=\"900\" height=\"600\" srcset=\"https:\/\/maxsauter.net\/photographie\/wp-content\/uploads\/2016\/10\/allaitement-nu-2-1024x683.jpg 1024w, https:\/\/maxsauter.net\/photographie\/wp-content\/uploads\/2016\/10\/allaitement-nu-2-300x200.jpg 300w, https:\/\/maxsauter.net\/photographie\/wp-content\/uploads\/2016\/10\/allaitement-nu-2-768x512.jpg 768w, https:\/\/maxsauter.net\/photographie\/wp-content\/uploads\/2016\/10\/allaitement-nu-2.jpg 1980w\" sizes=\"auto, (max-width: 900px) 100vw, 900px\" \/><\/p>\n<p><a href=\"https:\/\/maxsauter.net\/photographie\/category\/grossesse\/\">Voir toutes les galeries photo du blog ayant pour sujet grossesse et allaitement<\/a>.<\/p>\n","protected":false},"excerpt":{"rendered":"<p>Grossesse, Naissance &amp; Allaitement Il n&rsquo;y a pas plus belle chose que donner la vie, et pas de moments o\u00f9 la femme n&rsquo;est plus belle qu&rsquo;enceinte. Voil\u00e0 pourquoi j&rsquo;aime tant photographier les femmes enceintes ou les couples impatients. Je vous recommande le shooting entre le 7\u00e8me et le 8\u00e8me mois de grossesse. Les formes sont [&hellip;]<\/p>\n","protected":false},"author":1,"featured_media":64,"parent":0,"menu_order":20,"comment_status":"open","ping_status":"open","template":"","meta":{"_monsterinsights_skip_tracking":false,"_monsterinsights_sitenote_active":false,"_monsterinsights_sitenote_note":"","_monsterinsights_sitenote_category":0,"footnotes":""},"class_list":{"0":"post-10","1":"page","2":"type-page","3":"status-publish","4":"has-post-thumbnail","5":"hentry","6":"","7":"blog-blocks-layout","8":"blog-style-imgblock","10":"blog-alt-odd"},"aioseo_notices":[],"_links":{"self":[{"href":"https:\/\/maxsauter.net\/photographie\/wp-json\/wp\/v2\/pages\/10","targetHints":{"allow":["GET"]}}],"collection":[{"href":"https:\/\/maxsauter.net\/photographie\/wp-json\/wp\/v2\/pages"}],"about":[{"href":"https:\/\/maxsauter.net\/photographie\/wp-json\/wp\/v2\/types\/page"}],"author":[{"embeddable":true,"href":"https:\/\/maxsauter.net\/photographie\/wp-json\/wp\/v2\/users\/1"}],"replies":[{"embeddable":true,"href":"https:\/\/maxsauter.net\/photographie\/wp-json\/wp\/v2\/comments?post=10"}],"version-history":[{"count":10,"href":"https:\/\/maxsauter.net\/photographie\/wp-json\/wp\/v2\/pages\/10\/revisions"}],"predecessor-version":[{"id":374,"href":"https:\/\/maxsauter.net\/photographie\/wp-json\/wp\/v2\/pages\/10\/revisions\/374"}],"wp:featuredmedia":[{"embeddable":true,"href":"https:\/\/maxsauter.net\/photographie\/wp-json\/wp\/v2\/media\/64"}],"wp:attachment":[{"href":"https:\/\/maxsauter.net\/photographie\/wp-json\/wp\/v2\/media?parent=10"}],"curies":[{"name":"wp","href":"https:\/\/api.w.org\/{rel}","templated":true}]}}