{"id":336,"date":"2017-08-13T13:13:21","date_gmt":"2017-08-13T12:13:21","guid":{"rendered":"http:\/\/maxsauter.net\/photographie\/?page_id=336"},"modified":"2024-06-12T12:58:34","modified_gmt":"2024-06-12T11:58:34","slug":"max-sauter","status":"publish","type":"page","link":"https:\/\/maxsauter.net\/photographie\/max-sauter\/","title":{"rendered":"A propos"},"content":{"rendered":"<h1>Photographie passion<\/h1>\n<p><img loading=\"lazy\" decoding=\"async\" class=\"alignleft wp-image-345 size-medium\" src=\"https:\/\/maxsauter.net\/photographie\/wp-content\/uploads\/2017\/08\/1013607_644650018957213_8718661008054069687_n-300x300.jpg\" alt=\"\" width=\"300\" height=\"300\" srcset=\"https:\/\/maxsauter.net\/photographie\/wp-content\/uploads\/2017\/08\/1013607_644650018957213_8718661008054069687_n-300x300.jpg 300w, https:\/\/maxsauter.net\/photographie\/wp-content\/uploads\/2017\/08\/1013607_644650018957213_8718661008054069687_n-150x150.jpg 150w, https:\/\/maxsauter.net\/photographie\/wp-content\/uploads\/2017\/08\/1013607_644650018957213_8718661008054069687_n.jpg 640w\" sizes=\"auto, (max-width: 300px) 100vw, 300px\" \/><\/p>\n<p>Merci de votre visite sur mon site photo et de votre venue sur cette page de pr\u00e9sentation.<\/p>\n<p>Je suis Max Sauter, photographe passionn\u00e9.<\/p>\n<p>J&rsquo;aime capturer les instants, les sourires, les regards. La photographie est avant tout pour moi un moment d&rsquo;\u00e9change, avec mes mod\u00e8les ou mon environnement.<br \/>\nJe n&rsquo;ai pas une relation intellectuelle avec la photographie. J&rsquo;aime le c\u00f4t\u00e9 tr\u00e8s spontan\u00e9 du r\u00e9sultat, l&rsquo;aspect charnel du contact du doigt sur le d\u00e9clencheur. En regardant \u00e0 travers le viseur, je n&rsquo;ai plus l&rsquo;impression d&rsquo;\u00eatre spectateur, mais d&rsquo;\u00eatre dans la sc\u00e8ne. Un animal optique en quelque sorte. Je me sens beaucoup plus artisan qu&rsquo;artiste dans ma vision de la photographie.<\/p>\n<h2>Rapport au portrait<\/h2>\n<p>Mon exercice photographique de pr\u00e9dilection est le portrait. J&rsquo;aime le contact humain. Essayer de rendre beau l&rsquo;instant. J&rsquo;aime le sourire des mod\u00e8les lorsque je leur remets les photos. J&rsquo;aime leur regard lorsqu&rsquo;ils voient les r\u00e9sultats. Je ne suis pas adepte de la photo studio par ce qu&rsquo;elle perd en spontan\u00e9it\u00e9, m\u00eame si je la pratique occasionnellement pour certains attendus pr\u00e9cis. Mais je pr\u00e9f\u00e8re de loin les shootings en ext\u00e9rieur ou en lumi\u00e8re disponible (la lumi\u00e8re par la fen\u00eatre, la lampe de chevet, la bougie etc.) pour pouvoir jouer d&rsquo;avantage sur l&rsquo;improvisation, l&rsquo;instant.<\/p>\n<p>Pour d\u00e9couvrir mon travail : <a href=\"https:\/\/maxsauter.net\/photographie\/maternite-grossesse-allaitement\/\">photos maternit\u00e9<\/a> ; <a href=\"https:\/\/maxsauter.net\/photographie\/portrait-mode-nu\/\">photos portraits<\/a> ; <a href=\"https:\/\/maxsauter.net\/photographie\/evjf-mariage\/\">mariages et evjf<\/a><\/p>\n<h2>Rapport \u00e0 la nature<\/h2>\n<p>J&rsquo;aime\u00a0 les photos ayant pour sujet la nature. A l&rsquo;inverse du portrait, c&rsquo;est pour son c\u00f4t\u00e9 tr\u00e8s solitaire. Me retrouver avec moi-m\u00eame, et partager des moments \u00e0 la simplicit\u00e9 et \u00e0 la magie fraiches : des perles de ros\u00e9e qui se forment, une biche qui s&rsquo;abreuve, un coucher de soleil.<\/p>\n<h2>Rapport \u00e0 la ville<\/h2>\n<p>J&rsquo;aime par petite touche les paysages urbains. La ville pour sa vie, ses lumi\u00e8res, ses variations d&rsquo;intensit\u00e9, son trafic, ses m\u00e9tros. J&rsquo;aime aussi pouvoir la quitter \ud83d\ude42<\/p>\n<h2>Rapport \u00e0 la critique<\/h2>\n<p>La critique est tr\u00e8s importante pour moi. Positive ou n\u00e9gative, elle me sert. M&rsquo;aide \u00e0 progresser. Voil\u00e0 pourquoi je vous invite \u00e0 commenter r\u00e9guli\u00e8rement les photos que je publie via mon blog ou mes galeries de pr\u00e9sentation un peu plus permanentes.<\/p>\n<p>Derni\u00e8re chose, je suis bas\u00e9 en banlieue parisienne, dans le Val de Marne, et j&rsquo;ai 47 ans (2024)<br \/>\nVoil\u00e0, vous en savez un peu plus sur moi.<\/p>\n<p>Il est temps pour vous d&rsquo;aller visiter mes galeries de photos ou mon blog.<br \/>\nenvie de poser pour moi? un projet de collaboration? <a href=\"https:\/\/maxsauter.net\/photographie\/contact\/\">Contactez-moi<\/a><\/p>\n","protected":false},"excerpt":{"rendered":"<p>Photographie passion Merci de votre visite sur mon site photo et de votre venue sur cette page de pr\u00e9sentation. Je suis Max Sauter, photographe passionn\u00e9. J&rsquo;aime capturer les instants, les sourires, les regards. La photographie est avant tout pour moi un moment d&rsquo;\u00e9change, avec mes mod\u00e8les ou mon environnement. Je n&rsquo;ai pas une relation intellectuelle [&hellip;]<\/p>\n","protected":false},"author":1,"featured_media":345,"parent":0,"menu_order":99,"comment_status":"closed","ping_status":"closed","template":"","meta":{"_monsterinsights_skip_tracking":false,"_monsterinsights_sitenote_active":false,"_monsterinsights_sitenote_note":"","_monsterinsights_sitenote_category":0,"footnotes":""},"class_list":{"0":"post-336","1":"page","2":"type-page","3":"status-publish","4":"has-post-thumbnail","5":"hentry","6":"","7":"blog-blocks-layout","8":"blog-style-imgblock","10":"blog-alt-odd"},"aioseo_notices":[],"_links":{"self":[{"href":"https:\/\/maxsauter.net\/photographie\/wp-json\/wp\/v2\/pages\/336","targetHints":{"allow":["GET"]}}],"collection":[{"href":"https:\/\/maxsauter.net\/photographie\/wp-json\/wp\/v2\/pages"}],"about":[{"href":"https:\/\/maxsauter.net\/photographie\/wp-json\/wp\/v2\/types\/page"}],"author":[{"embeddable":true,"href":"https:\/\/maxsauter.net\/photographie\/wp-json\/wp\/v2\/users\/1"}],"replies":[{"embeddable":true,"href":"https:\/\/maxsauter.net\/photographie\/wp-json\/wp\/v2\/comments?post=336"}],"version-history":[{"count":10,"href":"https:\/\/maxsauter.net\/photographie\/wp-json\/wp\/v2\/pages\/336\/revisions"}],"predecessor-version":[{"id":423,"href":"https:\/\/maxsauter.net\/photographie\/wp-json\/wp\/v2\/pages\/336\/revisions\/423"}],"wp:featuredmedia":[{"embeddable":true,"href":"https:\/\/maxsauter.net\/photographie\/wp-json\/wp\/v2\/media\/345"}],"wp:attachment":[{"href":"https:\/\/maxsauter.net\/photographie\/wp-json\/wp\/v2\/media?parent=336"}],"curies":[{"name":"wp","href":"https:\/\/api.w.org\/{rel}","templated":true}]}}