{"id":485,"date":"2025-06-26T11:04:19","date_gmt":"2025-06-26T10:04:19","guid":{"rendered":"https:\/\/maxsauter.net\/photographie\/?page_id=485"},"modified":"2025-07-17T13:52:50","modified_gmt":"2025-07-17T12:52:50","slug":"instagram-il-etait-une-fois","status":"publish","type":"page","link":"https:\/\/maxsauter.net\/photographie\/travaux-personnels\/instagram-il-etait-une-fois\/","title":{"rendered":"Instagram&#8230; il \u00e9tait une fois"},"content":{"rendered":"\n<p>Je ressens depuis quelques temps maintenant une sorte de saturation envers l\u2019usage du smartphone et des r\u00e9seaux sociaux, que ce soit par les usages que je pouvais en avoir ou par ceux que j\u2019observe au quotidien au bureau, dans les transports, \u00e0 la maison\u2026 partout.<\/p>\n\n\n\n<p>Bref, j\u2019ai d\u00e9cid\u00e9 de supprimer quasi tous mes comptes, y compris&nbsp;<strong>Instagram<\/strong>. Cette plateforme me servait de&nbsp;<strong>journal photographique<\/strong>. J\u2019y publiais des photos que je capturais \u00e0 la vol\u00e9e. J\u2019ai sauvegard\u00e9 l\u2019ensemble des productions depuis la cr\u00e9ation de mon compte en 2013 et jusqu\u2019\u00e0 mi-2025, et j\u2019avais envie de ne pas les perdre en les remettant ici (cliquez sur la p\u00e9riode qui vous int\u00e9resse pour y acc\u00e9der) :<\/p>\n\n\n\n<ul class=\"wp-block-list\">\n<li><a href=\"https:\/\/maxsauter.net\/photographie\/travaux-personnels\/instagram-il-etait-une-fois\/instagram-il-etait-une-fois-2025\/\" title=\"\">Carnet photographique Instagram 2025<\/a><\/li>\n\n\n\n<li><a href=\"https:\/\/maxsauter.net\/photographie\/travaux-personnels\/instagram-il-etait-une-fois\/instagram-il-etait-une-fois-2024\/\" title=\"\">Carnet photographique Instagram 2024<\/a><\/li>\n\n\n\n<li><a href=\"https:\/\/maxsauter.net\/photographie\/travaux-personnels\/instagram-il-etait-une-fois\/instagram-il-etait-une-fois-2023\/\" title=\"\">Carnet photographique Instagram 2023<\/a><\/li>\n\n\n\n<li><a href=\"https:\/\/maxsauter.net\/photographie\/travaux-personnels\/instagram-il-etait-une-fois\/instagram-il-etait-une-fois-2022\/\" title=\"\">Carnet photographique Instagram 2022<\/a><\/li>\n\n\n\n<li><a href=\"https:\/\/maxsauter.net\/photographie\/travaux-personnels\/instagram-il-etait-une-fois\/instagram-il-etait-une-fois-2021\/\" title=\"\">Carnet photographique Instagram 2021<\/a><\/li>\n\n\n\n<li><a href=\"https:\/\/maxsauter.net\/photographie\/travaux-personnels\/instagram-il-etait-une-fois\/instagram-il-etait-une-fois-2020\/\" title=\"\">Carnet photographique Instagram 2020<\/a><\/li>\n\n\n\n<li><a href=\"https:\/\/maxsauter.net\/photographie\/travaux-personnels\/instagram-il-etait-une-fois\/instagram-il-etait-une-fois-2019\/\" title=\"\">Carnet photographique Instagram 2019<\/a><\/li>\n\n\n\n<li><a href=\"https:\/\/maxsauter.net\/photographie\/travaux-personnels\/instagram-il-etait-une-fois\/instagram-il-etait-une-fois-2018\/\" title=\"\">Carnet photographique Instagram 2018<\/a><\/li>\n\n\n\n<li><a href=\"https:\/\/maxsauter.net\/photographie\/travaux-personnels\/instagram-il-etait-une-fois\/instagram-il-etait-une-fois-2017\/\" title=\"\">Carnet photographique Instagram 2017<\/a><\/li>\n\n\n\n<li><a href=\"https:\/\/maxsauter.net\/photographie\/travaux-personnels\/instagram-il-etait-une-fois\/instagram-il-etait-une-fois-2016\/\" title=\"\">Carnet photographique Instagram 2016<\/a><\/li>\n\n\n\n<li><a href=\"https:\/\/maxsauter.net\/photographie\/instagram-il-etait-une-fois-2015\/\" title=\"\">Carnet photographique Instagram 2015<\/a><\/li>\n\n\n\n<li><a href=\"https:\/\/maxsauter.net\/photographie\/travaux-personnels\/instagram-il-etait-une-fois\/instagram-il-etait-une-fois-2014\/\" title=\"\">Carnet photographique Instagram 2014 (+2013)<\/a><\/li>\n<\/ul>\n","protected":false},"excerpt":{"rendered":"<p>Je ressens depuis quelques temps maintenant une sorte de saturation envers l\u2019usage du smartphone et des r\u00e9seaux sociaux, que ce soit par les usages que je pouvais en avoir ou par ceux que j\u2019observe au quotidien au bureau, dans les transports, \u00e0 la maison\u2026 partout. Bref, j\u2019ai d\u00e9cid\u00e9 de supprimer quasi tous mes comptes, y [&hellip;]<\/p>\n","protected":false},"author":1,"featured_media":755,"parent":363,"menu_order":0,"comment_status":"closed","ping_status":"closed","template":"","meta":{"_monsterinsights_skip_tracking":false,"_monsterinsights_sitenote_active":false,"_monsterinsights_sitenote_note":"","_monsterinsights_sitenote_category":0,"footnotes":""},"class_list":{"0":"post-485","1":"page","2":"type-page","3":"status-publish","4":"has-post-thumbnail","5":"hentry","6":"","7":"blog-blocks-layout","8":"blog-style-imgblock","10":"blog-alt-odd"},"aioseo_notices":[],"_links":{"self":[{"href":"https:\/\/maxsauter.net\/photographie\/wp-json\/wp\/v2\/pages\/485","targetHints":{"allow":["GET"]}}],"collection":[{"href":"https:\/\/maxsauter.net\/photographie\/wp-json\/wp\/v2\/pages"}],"about":[{"href":"https:\/\/maxsauter.net\/photographie\/wp-json\/wp\/v2\/types\/page"}],"author":[{"embeddable":true,"href":"https:\/\/maxsauter.net\/photographie\/wp-json\/wp\/v2\/users\/1"}],"replies":[{"embeddable":true,"href":"https:\/\/maxsauter.net\/photographie\/wp-json\/wp\/v2\/comments?post=485"}],"version-history":[{"count":15,"href":"https:\/\/maxsauter.net\/photographie\/wp-json\/wp\/v2\/pages\/485\/revisions"}],"predecessor-version":[{"id":1341,"href":"https:\/\/maxsauter.net\/photographie\/wp-json\/wp\/v2\/pages\/485\/revisions\/1341"}],"up":[{"embeddable":true,"href":"https:\/\/maxsauter.net\/photographie\/wp-json\/wp\/v2\/pages\/363"}],"wp:featuredmedia":[{"embeddable":true,"href":"https:\/\/maxsauter.net\/photographie\/wp-json\/wp\/v2\/media\/755"}],"wp:attachment":[{"href":"https:\/\/maxsauter.net\/photographie\/wp-json\/wp\/v2\/media?parent=485"}],"curies":[{"name":"wp","href":"https:\/\/api.w.org\/{rel}","templated":true}]}}