{"id":488,"date":"2025-06-30T17:29:15","date_gmt":"2025-06-30T16:29:15","guid":{"rendered":"https:\/\/maxsauter.net\/photographie\/?page_id=488"},"modified":"2025-06-30T17:33:41","modified_gmt":"2025-06-30T16:33:41","slug":"instagram-il-etait-une-fois-2025","status":"publish","type":"page","link":"https:\/\/maxsauter.net\/photographie\/travaux-personnels\/instagram-il-etait-une-fois\/instagram-il-etait-une-fois-2025\/","title":{"rendered":"Instagram\u2026 il \u00e9tait une fois (2025)"},"content":{"rendered":"\n<p>Retrouvez ici mes clich\u00e9s Instagram (quitt\u00e9 en 2025), mon journal de photographies spontan\u00e9es, pris en 2025 :<\/p>\n\n\n\n<figure class=\"wp-block-image size-large\"><img loading=\"lazy\" decoding=\"async\" width=\"1024\" height=\"1024\" src=\"https:\/\/maxsauter.net\/photographie\/wp-content\/uploads\/2025\/06\/476738325_18487705933024737_8556756136306497585_n_17912150433079029-1024x1024.jpg\" alt=\"\" class=\"wp-image-499\" srcset=\"https:\/\/maxsauter.net\/photographie\/wp-content\/uploads\/2025\/06\/476738325_18487705933024737_8556756136306497585_n_17912150433079029-1024x1024.jpg 1024w, https:\/\/maxsauter.net\/photographie\/wp-content\/uploads\/2025\/06\/476738325_18487705933024737_8556756136306497585_n_17912150433079029-300x300.jpg 300w, https:\/\/maxsauter.net\/photographie\/wp-content\/uploads\/2025\/06\/476738325_18487705933024737_8556756136306497585_n_17912150433079029-150x150.jpg 150w, https:\/\/maxsauter.net\/photographie\/wp-content\/uploads\/2025\/06\/476738325_18487705933024737_8556756136306497585_n_17912150433079029-768x768.jpg 768w, https:\/\/maxsauter.net\/photographie\/wp-content\/uploads\/2025\/06\/476738325_18487705933024737_8556756136306497585_n_17912150433079029.jpg 1440w\" sizes=\"auto, (max-width: 1024px) 100vw, 1024px\" \/><\/figure>\n\n\n\n<p><\/p>\n\n\n\n<figure class=\"wp-block-image size-large\"><img loading=\"lazy\" decoding=\"async\" width=\"1024\" height=\"1024\" src=\"https:\/\/maxsauter.net\/photographie\/wp-content\/uploads\/2025\/06\/479968719_18490249813024737_2768951457014567543_n_18031531913295246-1024x1024.jpg\" alt=\"\" class=\"wp-image-498\" srcset=\"https:\/\/maxsauter.net\/photographie\/wp-content\/uploads\/2025\/06\/479968719_18490249813024737_2768951457014567543_n_18031531913295246-1024x1024.jpg 1024w, https:\/\/maxsauter.net\/photographie\/wp-content\/uploads\/2025\/06\/479968719_18490249813024737_2768951457014567543_n_18031531913295246-300x300.jpg 300w, https:\/\/maxsauter.net\/photographie\/wp-content\/uploads\/2025\/06\/479968719_18490249813024737_2768951457014567543_n_18031531913295246-150x150.jpg 150w, https:\/\/maxsauter.net\/photographie\/wp-content\/uploads\/2025\/06\/479968719_18490249813024737_2768951457014567543_n_18031531913295246-768x768.jpg 768w, https:\/\/maxsauter.net\/photographie\/wp-content\/uploads\/2025\/06\/479968719_18490249813024737_2768951457014567543_n_18031531913295246.jpg 1440w\" sizes=\"auto, (max-width: 1024px) 100vw, 1024px\" \/><\/figure>\n\n\n\n<p><\/p>\n\n\n\n<figure class=\"wp-block-image size-large\"><img loading=\"lazy\" decoding=\"async\" width=\"1024\" height=\"1024\" src=\"https:\/\/maxsauter.net\/photographie\/wp-content\/uploads\/2025\/06\/487393047_18497722894024737_498308398825503905_n_18091378963501989-1024x1024.jpg\" alt=\"\" class=\"wp-image-497\" srcset=\"https:\/\/maxsauter.net\/photographie\/wp-content\/uploads\/2025\/06\/487393047_18497722894024737_498308398825503905_n_18091378963501989-1024x1024.jpg 1024w, https:\/\/maxsauter.net\/photographie\/wp-content\/uploads\/2025\/06\/487393047_18497722894024737_498308398825503905_n_18091378963501989-300x300.jpg 300w, https:\/\/maxsauter.net\/photographie\/wp-content\/uploads\/2025\/06\/487393047_18497722894024737_498308398825503905_n_18091378963501989-150x150.jpg 150w, https:\/\/maxsauter.net\/photographie\/wp-content\/uploads\/2025\/06\/487393047_18497722894024737_498308398825503905_n_18091378963501989-768x768.jpg 768w, https:\/\/maxsauter.net\/photographie\/wp-content\/uploads\/2025\/06\/487393047_18497722894024737_498308398825503905_n_18091378963501989.jpg 1440w\" sizes=\"auto, (max-width: 1024px) 100vw, 1024px\" \/><\/figure>\n\n\n\n<p><\/p>\n\n\n\n<figure class=\"wp-block-image size-large\"><img loading=\"lazy\" decoding=\"async\" width=\"1024\" height=\"1024\" src=\"https:\/\/maxsauter.net\/photographie\/wp-content\/uploads\/2025\/06\/491442200_18500821657024737_715989338283726760_n_17875262280299325-1024x1024.jpg\" alt=\"\" class=\"wp-image-496\" srcset=\"https:\/\/maxsauter.net\/photographie\/wp-content\/uploads\/2025\/06\/491442200_18500821657024737_715989338283726760_n_17875262280299325-1024x1024.jpg 1024w, https:\/\/maxsauter.net\/photographie\/wp-content\/uploads\/2025\/06\/491442200_18500821657024737_715989338283726760_n_17875262280299325-300x300.jpg 300w, https:\/\/maxsauter.net\/photographie\/wp-content\/uploads\/2025\/06\/491442200_18500821657024737_715989338283726760_n_17875262280299325-150x150.jpg 150w, https:\/\/maxsauter.net\/photographie\/wp-content\/uploads\/2025\/06\/491442200_18500821657024737_715989338283726760_n_17875262280299325-768x768.jpg 768w, https:\/\/maxsauter.net\/photographie\/wp-content\/uploads\/2025\/06\/491442200_18500821657024737_715989338283726760_n_17875262280299325.jpg 1440w\" sizes=\"auto, (max-width: 1024px) 100vw, 1024px\" \/><\/figure>\n\n\n\n<p><\/p>\n","protected":false},"excerpt":{"rendered":"<p>Retrouvez ici mes clich\u00e9s Instagram (quitt\u00e9 en 2025), mon journal de photographies spontan\u00e9es, pris en 2025 :<\/p>\n","protected":false},"author":1,"featured_media":0,"parent":485,"menu_order":0,"comment_status":"closed","ping_status":"closed","template":"","meta":{"_monsterinsights_skip_tracking":false,"_monsterinsights_sitenote_active":false,"_monsterinsights_sitenote_note":"","_monsterinsights_sitenote_category":0,"footnotes":""},"class_list":{"0":"post-488","1":"page","2":"type-page","3":"status-publish","4":"hentry","5":"","6":"blog-blocks-layout","7":"blog-style-imgblock","9":"blog-alt-odd"},"aioseo_notices":[],"_links":{"self":[{"href":"https:\/\/maxsauter.net\/photographie\/wp-json\/wp\/v2\/pages\/488","targetHints":{"allow":["GET"]}}],"collection":[{"href":"https:\/\/maxsauter.net\/photographie\/wp-json\/wp\/v2\/pages"}],"about":[{"href":"https:\/\/maxsauter.net\/photographie\/wp-json\/wp\/v2\/types\/page"}],"author":[{"embeddable":true,"href":"https:\/\/maxsauter.net\/photographie\/wp-json\/wp\/v2\/users\/1"}],"replies":[{"embeddable":true,"href":"https:\/\/maxsauter.net\/photographie\/wp-json\/wp\/v2\/comments?post=488"}],"version-history":[{"count":3,"href":"https:\/\/maxsauter.net\/photographie\/wp-json\/wp\/v2\/pages\/488\/revisions"}],"predecessor-version":[{"id":503,"href":"https:\/\/maxsauter.net\/photographie\/wp-json\/wp\/v2\/pages\/488\/revisions\/503"}],"up":[{"embeddable":true,"href":"https:\/\/maxsauter.net\/photographie\/wp-json\/wp\/v2\/pages\/485"}],"wp:attachment":[{"href":"https:\/\/maxsauter.net\/photographie\/wp-json\/wp\/v2\/media?parent=488"}],"curies":[{"name":"wp","href":"https:\/\/api.w.org\/{rel}","templated":true}]}}