{"id":5,"date":"2016-10-25T20:26:36","date_gmt":"2016-10-25T20:26:36","guid":{"rendered":"http:\/\/maxsauter.net\/photographie\/?page_id=5"},"modified":"2017-11-19T11:07:35","modified_gmt":"2017-11-19T10:07:35","slug":"evjf-mariage","status":"publish","type":"page","link":"https:\/\/maxsauter.net\/photographie\/evjf-mariage\/","title":{"rendered":"EVJF &#038; Mariages"},"content":{"rendered":"<h2>Photographie de mariage \/ EVJF (Paris)<\/h2>\n<p><img loading=\"lazy\" decoding=\"async\" class=\"alignnone size-large wp-image-44\" src=\"https:\/\/maxsauter.net\/photographie\/wp-content\/uploads\/2016\/10\/mariage-photo-groupe-1024x683.jpg\" alt=\"\" width=\"900\" height=\"600\" srcset=\"https:\/\/maxsauter.net\/photographie\/wp-content\/uploads\/2016\/10\/mariage-photo-groupe-1024x683.jpg 1024w, https:\/\/maxsauter.net\/photographie\/wp-content\/uploads\/2016\/10\/mariage-photo-groupe-300x200.jpg 300w, https:\/\/maxsauter.net\/photographie\/wp-content\/uploads\/2016\/10\/mariage-photo-groupe-768x512.jpg 768w, https:\/\/maxsauter.net\/photographie\/wp-content\/uploads\/2016\/10\/mariage-photo-groupe.jpg 1980w\" sizes=\"auto, (max-width: 900px) 100vw, 900px\" \/><\/p>\n<p>Photographe passionn\u00e9, j&rsquo;aime photographier les instants, les sourires, et les moments d&rsquo;\u00e9motion, ce qui m&rsquo;a conduit tout naturellement vers la <strong>photo de mariage et les EVJF<\/strong>.<br \/>\nJ&rsquo;aime travailler en confiance, raison pour laquelle je tiens \u00e0 rencontrer au pr\u00e9alable, parfois plusieurs fois, les futurs mari\u00e9s avant les diff\u00e9rentes \u00e9ch\u00e9ances.<\/p>\n<p>Je me sens plus \u00e0 l&rsquo;aise dans les <strong>mariages intimes<\/strong> (jusqu&rsquo;\u00e0 50 invit\u00e9s) et appr\u00e9cie tout particuli\u00e8rement les moments qui pr\u00e9c\u00e8dent le mariage : coiffure, maquillage, habillage, qui sont autant d&rsquo;occasion de partager ces petits moments intimes qui se ressentent sur les photos.<\/p>\n<p>J&rsquo;assure la prise de vue ainsi que la retouche des images.<br \/>\nIl est tr\u00e8s difficile d&rsquo;adresser un devis uniquement par email, c&rsquo;est pourquoi si vous \u00eates int\u00e9ress\u00e9, je vous remercie de me <a href=\"https:\/\/maxsauter.net\/photographie\/contact\/\">contacter via le formulaire de contact<\/a> en me pr\u00e9cisant les diff\u00e9rentes informations ci-dessous et je vous recontacterai pour une rencontre :<\/p>\n<ul>\n<li>dates et lieux du mariage<\/li>\n<li>nombre d&rsquo;invit\u00e9s<\/li>\n<li>photos souhait\u00e9es : enterrement vie de jeune fille \/ shooting pr\u00e9alable (pour les invitations par exemples) \/ r\u00e9p\u00e9tition \/ mairie \/ \u00e9glise \/ photos de couple avant ou apr\u00e8s le mariage \/ etc.<\/li>\n<\/ul>\n<p>A tr\u00e8s bient\u00f4t&#8230;<\/p>\n<p>Quelques exemples de photos de mariages et EVJF :<\/p>\n<p><img loading=\"lazy\" decoding=\"async\" class=\"alignnone wp-image-46\" src=\"https:\/\/maxsauter.net\/photographie\/wp-content\/uploads\/2016\/10\/preparation-mariee-coiffure-1024x683.jpg\" alt=\"preparation-mariee-coiffure\" width=\"900\" height=\"600\" srcset=\"https:\/\/maxsauter.net\/photographie\/wp-content\/uploads\/2016\/10\/preparation-mariee-coiffure-1024x683.jpg 1024w, https:\/\/maxsauter.net\/photographie\/wp-content\/uploads\/2016\/10\/preparation-mariee-coiffure-300x200.jpg 300w, https:\/\/maxsauter.net\/photographie\/wp-content\/uploads\/2016\/10\/preparation-mariee-coiffure-768x512.jpg 768w, https:\/\/maxsauter.net\/photographie\/wp-content\/uploads\/2016\/10\/preparation-mariee-coiffure.jpg 1980w\" sizes=\"auto, (max-width: 900px) 100vw, 900px\" \/><\/p>\n<p><img loading=\"lazy\" decoding=\"async\" class=\"alignnone wp-image-45\" src=\"https:\/\/maxsauter.net\/photographie\/wp-content\/uploads\/2016\/10\/preparation-marie-683x1024.jpg\" alt=\"preparation-marie\" width=\"900\" height=\"1350\" srcset=\"https:\/\/maxsauter.net\/photographie\/wp-content\/uploads\/2016\/10\/preparation-marie-683x1024.jpg 683w, https:\/\/maxsauter.net\/photographie\/wp-content\/uploads\/2016\/10\/preparation-marie-200x300.jpg 200w, https:\/\/maxsauter.net\/photographie\/wp-content\/uploads\/2016\/10\/preparation-marie-768x1152.jpg 768w, https:\/\/maxsauter.net\/photographie\/wp-content\/uploads\/2016\/10\/preparation-marie.jpg 1320w\" sizes=\"auto, (max-width: 900px) 100vw, 900px\" \/><\/p>\n<p><img loading=\"lazy\" decoding=\"async\" class=\"alignnone wp-image-42 size-large\" src=\"https:\/\/maxsauter.net\/photographie\/wp-content\/uploads\/2016\/10\/mariage-mairie-1024x364.jpg\" alt=\"mariage-mairie\" width=\"900\" height=\"320\" srcset=\"https:\/\/maxsauter.net\/photographie\/wp-content\/uploads\/2016\/10\/mariage-mairie-1024x364.jpg 1024w, https:\/\/maxsauter.net\/photographie\/wp-content\/uploads\/2016\/10\/mariage-mairie-300x107.jpg 300w, https:\/\/maxsauter.net\/photographie\/wp-content\/uploads\/2016\/10\/mariage-mairie-768x273.jpg 768w, https:\/\/maxsauter.net\/photographie\/wp-content\/uploads\/2016\/10\/mariage-mairie.jpg 1980w\" sizes=\"auto, (max-width: 900px) 100vw, 900px\" \/><\/p>\n<p><img loading=\"lazy\" decoding=\"async\" class=\"alignnone wp-image-41 size-large\" src=\"https:\/\/maxsauter.net\/photographie\/wp-content\/uploads\/2016\/10\/mariage-eglise-1024x683.jpg\" alt=\"mariage-eglise\" width=\"900\" height=\"600\" srcset=\"https:\/\/maxsauter.net\/photographie\/wp-content\/uploads\/2016\/10\/mariage-eglise-1024x683.jpg 1024w, https:\/\/maxsauter.net\/photographie\/wp-content\/uploads\/2016\/10\/mariage-eglise-300x200.jpg 300w, https:\/\/maxsauter.net\/photographie\/wp-content\/uploads\/2016\/10\/mariage-eglise-768x512.jpg 768w, https:\/\/maxsauter.net\/photographie\/wp-content\/uploads\/2016\/10\/mariage-eglise.jpg 1980w\" sizes=\"auto, (max-width: 900px) 100vw, 900px\" \/><\/p>\n<p><img loading=\"lazy\" decoding=\"async\" class=\"alignnone wp-image-34 size-large\" src=\"https:\/\/maxsauter.net\/photographie\/wp-content\/uploads\/2016\/10\/mariage-alliances-consentements-1024x683.jpg\" alt=\"mariage-alliances-consentements\" width=\"900\" height=\"600\" srcset=\"https:\/\/maxsauter.net\/photographie\/wp-content\/uploads\/2016\/10\/mariage-alliances-consentements-1024x683.jpg 1024w, https:\/\/maxsauter.net\/photographie\/wp-content\/uploads\/2016\/10\/mariage-alliances-consentements-300x200.jpg 300w, https:\/\/maxsauter.net\/photographie\/wp-content\/uploads\/2016\/10\/mariage-alliances-consentements-768x512.jpg 768w, https:\/\/maxsauter.net\/photographie\/wp-content\/uploads\/2016\/10\/mariage-alliances-consentements.jpg 1980w\" sizes=\"auto, (max-width: 900px) 100vw, 900px\" \/><\/p>\n<p><img loading=\"lazy\" decoding=\"async\" class=\"alignnone wp-image-43\" src=\"https:\/\/maxsauter.net\/photographie\/wp-content\/uploads\/2016\/10\/mariage-mariee-moment-vole-683x1024.jpg\" alt=\"mariage-mariee-moment-vole\" width=\"900\" height=\"1350\" srcset=\"https:\/\/maxsauter.net\/photographie\/wp-content\/uploads\/2016\/10\/mariage-mariee-moment-vole-683x1024.jpg 683w, https:\/\/maxsauter.net\/photographie\/wp-content\/uploads\/2016\/10\/mariage-mariee-moment-vole-200x300.jpg 200w, https:\/\/maxsauter.net\/photographie\/wp-content\/uploads\/2016\/10\/mariage-mariee-moment-vole-768x1152.jpg 768w, https:\/\/maxsauter.net\/photographie\/wp-content\/uploads\/2016\/10\/mariage-mariee-moment-vole.jpg 1320w\" sizes=\"auto, (max-width: 900px) 100vw, 900px\" \/><\/p>\n<p><img loading=\"lazy\" decoding=\"async\" class=\"alignnone wp-image-37 size-large\" src=\"https:\/\/maxsauter.net\/photographie\/wp-content\/uploads\/2016\/10\/mariage-couple-1024x683.jpg\" alt=\"mariage-couple\" width=\"900\" height=\"600\" srcset=\"https:\/\/maxsauter.net\/photographie\/wp-content\/uploads\/2016\/10\/mariage-couple-1024x683.jpg 1024w, https:\/\/maxsauter.net\/photographie\/wp-content\/uploads\/2016\/10\/mariage-couple-300x200.jpg 300w, https:\/\/maxsauter.net\/photographie\/wp-content\/uploads\/2016\/10\/mariage-couple-768x512.jpg 768w, https:\/\/maxsauter.net\/photographie\/wp-content\/uploads\/2016\/10\/mariage-couple.jpg 1980w\" sizes=\"auto, (max-width: 900px) 100vw, 900px\" \/><\/p>\n<p><img loading=\"lazy\" decoding=\"async\" class=\"alignnone wp-image-36\" src=\"https:\/\/maxsauter.net\/photographie\/wp-content\/uploads\/2016\/10\/mariage-couple-3-683x1024.jpg\" alt=\"mariage-couple-3\" width=\"900\" height=\"1350\" srcset=\"https:\/\/maxsauter.net\/photographie\/wp-content\/uploads\/2016\/10\/mariage-couple-3-683x1024.jpg 683w, https:\/\/maxsauter.net\/photographie\/wp-content\/uploads\/2016\/10\/mariage-couple-3-200x300.jpg 200w, https:\/\/maxsauter.net\/photographie\/wp-content\/uploads\/2016\/10\/mariage-couple-3-768x1152.jpg 768w, https:\/\/maxsauter.net\/photographie\/wp-content\/uploads\/2016\/10\/mariage-couple-3.jpg 1320w\" sizes=\"auto, (max-width: 900px) 100vw, 900px\" \/><\/p>\n<p><img loading=\"lazy\" decoding=\"async\" class=\"alignnone wp-image-35 size-large\" src=\"https:\/\/maxsauter.net\/photographie\/wp-content\/uploads\/2016\/10\/mariage-couple-2-1024x683.jpg\" alt=\"mariage-couple-2\" width=\"900\" height=\"600\" srcset=\"https:\/\/maxsauter.net\/photographie\/wp-content\/uploads\/2016\/10\/mariage-couple-2-1024x683.jpg 1024w, https:\/\/maxsauter.net\/photographie\/wp-content\/uploads\/2016\/10\/mariage-couple-2-300x200.jpg 300w, https:\/\/maxsauter.net\/photographie\/wp-content\/uploads\/2016\/10\/mariage-couple-2-768x512.jpg 768w, https:\/\/maxsauter.net\/photographie\/wp-content\/uploads\/2016\/10\/mariage-couple-2.jpg 1980w\" sizes=\"auto, (max-width: 900px) 100vw, 900px\" \/><\/p>\n<p><img loading=\"lazy\" decoding=\"async\" class=\"alignnone wp-image-32 size-large\" src=\"https:\/\/maxsauter.net\/photographie\/wp-content\/uploads\/2016\/10\/evjf-groupe-original-1024x683.jpg\" alt=\"evjf-groupe-original\" width=\"900\" height=\"600\" srcset=\"https:\/\/maxsauter.net\/photographie\/wp-content\/uploads\/2016\/10\/evjf-groupe-original-1024x683.jpg 1024w, https:\/\/maxsauter.net\/photographie\/wp-content\/uploads\/2016\/10\/evjf-groupe-original-300x200.jpg 300w, https:\/\/maxsauter.net\/photographie\/wp-content\/uploads\/2016\/10\/evjf-groupe-original-768x512.jpg 768w, https:\/\/maxsauter.net\/photographie\/wp-content\/uploads\/2016\/10\/evjf-groupe-original.jpg 1980w\" sizes=\"auto, (max-width: 900px) 100vw, 900px\" \/><\/p>\n<p><img loading=\"lazy\" decoding=\"async\" class=\"alignnone wp-image-30\" src=\"https:\/\/maxsauter.net\/photographie\/wp-content\/uploads\/2016\/10\/evjf-future-mariee-solo-683x1024.jpg\" alt=\"evjf-future-mariee-solo\" width=\"900\" height=\"1350\" srcset=\"https:\/\/maxsauter.net\/photographie\/wp-content\/uploads\/2016\/10\/evjf-future-mariee-solo-683x1024.jpg 683w, https:\/\/maxsauter.net\/photographie\/wp-content\/uploads\/2016\/10\/evjf-future-mariee-solo-200x300.jpg 200w, https:\/\/maxsauter.net\/photographie\/wp-content\/uploads\/2016\/10\/evjf-future-mariee-solo-768x1152.jpg 768w, https:\/\/maxsauter.net\/photographie\/wp-content\/uploads\/2016\/10\/evjf-future-mariee-solo.jpg 1320w\" sizes=\"auto, (max-width: 900px) 100vw, 900px\" \/><\/p>\n","protected":false},"excerpt":{"rendered":"<p>Photographie de mariage \/ EVJF (Paris) Photographe passionn\u00e9, j&rsquo;aime photographier les instants, les sourires, et les moments d&rsquo;\u00e9motion, ce qui m&rsquo;a conduit tout naturellement vers la photo de mariage et les EVJF. J&rsquo;aime travailler en confiance, raison pour laquelle je tiens \u00e0 rencontrer au pr\u00e9alable, parfois plusieurs fois, les futurs mari\u00e9s avant les diff\u00e9rentes \u00e9ch\u00e9ances. [&hellip;]<\/p>\n","protected":false},"author":1,"featured_media":44,"parent":0,"menu_order":30,"comment_status":"open","ping_status":"open","template":"","meta":{"_monsterinsights_skip_tracking":false,"_monsterinsights_sitenote_active":false,"_monsterinsights_sitenote_note":"","_monsterinsights_sitenote_category":0,"footnotes":""},"class_list":{"0":"post-5","1":"page","2":"type-page","3":"status-publish","4":"has-post-thumbnail","5":"hentry","6":"","7":"blog-blocks-layout","8":"blog-style-imgblock","10":"blog-alt-odd"},"aioseo_notices":[],"_links":{"self":[{"href":"https:\/\/maxsauter.net\/photographie\/wp-json\/wp\/v2\/pages\/5","targetHints":{"allow":["GET"]}}],"collection":[{"href":"https:\/\/maxsauter.net\/photographie\/wp-json\/wp\/v2\/pages"}],"about":[{"href":"https:\/\/maxsauter.net\/photographie\/wp-json\/wp\/v2\/types\/page"}],"author":[{"embeddable":true,"href":"https:\/\/maxsauter.net\/photographie\/wp-json\/wp\/v2\/users\/1"}],"replies":[{"embeddable":true,"href":"https:\/\/maxsauter.net\/photographie\/wp-json\/wp\/v2\/comments?post=5"}],"version-history":[{"count":7,"href":"https:\/\/maxsauter.net\/photographie\/wp-json\/wp\/v2\/pages\/5\/revisions"}],"predecessor-version":[{"id":375,"href":"https:\/\/maxsauter.net\/photographie\/wp-json\/wp\/v2\/pages\/5\/revisions\/375"}],"wp:featuredmedia":[{"embeddable":true,"href":"https:\/\/maxsauter.net\/photographie\/wp-json\/wp\/v2\/media\/44"}],"wp:attachment":[{"href":"https:\/\/maxsauter.net\/photographie\/wp-json\/wp\/v2\/media?parent=5"}],"curies":[{"name":"wp","href":"https:\/\/api.w.org\/{rel}","templated":true}]}}