{"id":7,"date":"2016-10-25T19:25:22","date_gmt":"2016-10-25T19:25:22","guid":{"rendered":"http:\/\/maxsauter.net\/photographie\/?page_id=7"},"modified":"2017-11-19T11:02:42","modified_gmt":"2017-11-19T10:02:42","slug":"portrait-mode-nu","status":"publish","type":"page","link":"https:\/\/maxsauter.net\/photographie\/portrait-mode-nu\/","title":{"rendered":"Portrait &#038; Beaut\u00e9"},"content":{"rendered":"<h2>Portrait &#8211; Mode &#8211; Beaut\u00e9 &#8211; Boudoir &#8211; Nu<\/h2>\n<p><img loading=\"lazy\" decoding=\"async\" class=\"alignnone size-large wp-image-372\" src=\"https:\/\/maxsauter.net\/photographie\/wp-content\/uploads\/2017\/11\/IMG_3603-1024x683.jpg\" alt=\"Le regard de la jolie Juliette\" width=\"900\" height=\"600\" srcset=\"https:\/\/maxsauter.net\/photographie\/wp-content\/uploads\/2017\/11\/IMG_3603.jpg 1024w, https:\/\/maxsauter.net\/photographie\/wp-content\/uploads\/2017\/11\/IMG_3603-300x200.jpg 300w, https:\/\/maxsauter.net\/photographie\/wp-content\/uploads\/2017\/11\/IMG_3603-768x512.jpg 768w\" sizes=\"auto, (max-width: 900px) 100vw, 900px\" \/><\/p>\n<p>Dans l&rsquo;exercice photographique, j&rsquo;aime par dessus tout la rencontre, raison pour laquelle j&rsquo;affectionne particuli\u00e8rement le style \u00ab\u00a0portrait\u00a0\u00bb. Je suis intimement convaincu qu&rsquo;une s\u00e9ance de portrait ne peut \u00eatre r\u00e9ussie que si tous les acteurs en pr\u00e9sence, \u00e0 commencer par le mod\u00e8le et le photographe, mais aussi parfois le styliste, le coiffeur ou le maquilleur, s&rsquo;entendent et d\u00e9cident de contribuer \u00e0 la r\u00e9ussite du projet.<\/p>\n<p>Si vous souhaitez (vous) offrir une <strong>s\u00e9ance de photo portrait, beaut\u00e9, boudoir ou nu<\/strong>, n&rsquo;h\u00e9sitez pas \u00e0 me demander un devis via <a href=\"https:\/\/maxsauter.net\/photographie\/contact\/\">le formulaire de contact<\/a> en me pr\u00e9cisant :<\/p>\n<ul>\n<li>qui vous \u00eates : entreprise \/ particulier \/ com\u00e9dien \/ styliste<\/li>\n<li>l&rsquo;utilisation des photos : plaquette \/ book \/ publicit\u00e9 \/ personnelle<\/li>\n<li>vos attentes et envies en quelques lignes<\/li>\n<li>vos d\u00e9lais ou \u00e9ch\u00e9ances<\/li>\n<\/ul>\n<p>Un contact pr\u00e9alable par Skype, t\u00e9l\u00e9phone ou dans un bar selon les disponibilit\u00e9s pourra \u00eatre organis\u00e9 afin d&rsquo;\u00e9changer sur les modalit\u00e9s de la s\u00e9ance.<\/p>\n<p>Les <strong>tarifs des shootings photo portrait \/ nu sont \u00e0 partir de 120 euros<\/strong>. (shooting + 10 photos retouch\u00e9es en haute qualit\u00e9 remises \u00e9lectroniquement). Les frais de d\u00e9placement sont au r\u00e9el. Inclus en zone couverte par le m\u00e9tro parisien. Un devis d\u00e9taill\u00e9 vous sera adress\u00e9 apr\u00e8s un premier \u00e9change afin d&rsquo;\u00e9viter toute mauvaise surprise.<\/p>\n<p>Je peux m&rsquo;occuper de vous mettre en relation avec coiffeur ou maquilleur. Le stylisme est \u00e0 votre charge.<\/p>\n<p>Vous trouverez ci-dessous quelques exemples de photo de portraits dans les styles books, mode, nu et beaut\u00e9.<\/p>\n<p><img loading=\"lazy\" decoding=\"async\" class=\"alignnone wp-image-99 size-large\" src=\"https:\/\/maxsauter.net\/photographie\/wp-content\/uploads\/2016\/10\/portrait-studio-femme-1024x683.jpg\" alt=\"Portrait en studio. Choix d'une lumi\u00e8re lat\u00e9rale unique pour laisser une moiti\u00e9 de visage dans l'ombre\" width=\"900\" height=\"600\" srcset=\"https:\/\/maxsauter.net\/photographie\/wp-content\/uploads\/2016\/10\/portrait-studio-femme-1024x683.jpg 1024w, https:\/\/maxsauter.net\/photographie\/wp-content\/uploads\/2016\/10\/portrait-studio-femme-300x200.jpg 300w, https:\/\/maxsauter.net\/photographie\/wp-content\/uploads\/2016\/10\/portrait-studio-femme-768x512.jpg 768w, https:\/\/maxsauter.net\/photographie\/wp-content\/uploads\/2016\/10\/portrait-studio-femme.jpg 1851w\" sizes=\"auto, (max-width: 900px) 100vw, 900px\" \/><\/p>\n<p><img loading=\"lazy\" decoding=\"async\" class=\"alignnone wp-image-97 size-large\" src=\"https:\/\/maxsauter.net\/photographie\/wp-content\/uploads\/2016\/10\/portrait-mode-femme-1024x683.jpg\" alt=\"Portrait com\u00e9dienne\" width=\"900\" height=\"600\" srcset=\"https:\/\/maxsauter.net\/photographie\/wp-content\/uploads\/2016\/10\/portrait-mode-femme-1024x683.jpg 1024w, https:\/\/maxsauter.net\/photographie\/wp-content\/uploads\/2016\/10\/portrait-mode-femme-300x200.jpg 300w, https:\/\/maxsauter.net\/photographie\/wp-content\/uploads\/2016\/10\/portrait-mode-femme-768x512.jpg 768w, https:\/\/maxsauter.net\/photographie\/wp-content\/uploads\/2016\/10\/portrait-mode-femme.jpg 1980w\" sizes=\"auto, (max-width: 900px) 100vw, 900px\" \/><\/p>\n<p><img loading=\"lazy\" decoding=\"async\" class=\"alignnone wp-image-91 size-large\" src=\"https:\/\/maxsauter.net\/photographie\/wp-content\/uploads\/2016\/10\/portrait-comediens-1024x683.jpg\" alt=\"Portrait de com\u00e9diens\" width=\"900\" height=\"600\" srcset=\"https:\/\/maxsauter.net\/photographie\/wp-content\/uploads\/2016\/10\/portrait-comediens-1024x683.jpg 1024w, https:\/\/maxsauter.net\/photographie\/wp-content\/uploads\/2016\/10\/portrait-comediens-300x200.jpg 300w, https:\/\/maxsauter.net\/photographie\/wp-content\/uploads\/2016\/10\/portrait-comediens-768x512.jpg 768w, https:\/\/maxsauter.net\/photographie\/wp-content\/uploads\/2016\/10\/portrait-comediens.jpg 1980w\" sizes=\"auto, (max-width: 900px) 100vw, 900px\" \/><\/p>\n<p><img loading=\"lazy\" decoding=\"async\" class=\"alignnone wp-image-90 size-large\" src=\"https:\/\/maxsauter.net\/photographie\/wp-content\/uploads\/2016\/10\/portrait-beaute-naturelle-1024x683.jpg\" alt=\"Beaut\u00e9 lumi\u00e8re naturelle\" width=\"900\" height=\"600\" srcset=\"https:\/\/maxsauter.net\/photographie\/wp-content\/uploads\/2016\/10\/portrait-beaute-naturelle-1024x683.jpg 1024w, https:\/\/maxsauter.net\/photographie\/wp-content\/uploads\/2016\/10\/portrait-beaute-naturelle-300x200.jpg 300w, https:\/\/maxsauter.net\/photographie\/wp-content\/uploads\/2016\/10\/portrait-beaute-naturelle-768x512.jpg 768w, https:\/\/maxsauter.net\/photographie\/wp-content\/uploads\/2016\/10\/portrait-beaute-naturelle.jpg 1980w\" sizes=\"auto, (max-width: 900px) 100vw, 900px\" \/><\/p>\n<p><img loading=\"lazy\" decoding=\"async\" class=\"alignnone wp-image-82 size-large\" src=\"https:\/\/maxsauter.net\/photographie\/wp-content\/uploads\/2016\/10\/nu-pulpeuse-studio-1024x1024.jpg\" alt=\"Nu pulpeuse studio\" width=\"900\" height=\"900\" srcset=\"https:\/\/maxsauter.net\/photographie\/wp-content\/uploads\/2016\/10\/nu-pulpeuse-studio-1024x1024.jpg 1024w, https:\/\/maxsauter.net\/photographie\/wp-content\/uploads\/2016\/10\/nu-pulpeuse-studio-150x150.jpg 150w, https:\/\/maxsauter.net\/photographie\/wp-content\/uploads\/2016\/10\/nu-pulpeuse-studio-300x300.jpg 300w, https:\/\/maxsauter.net\/photographie\/wp-content\/uploads\/2016\/10\/nu-pulpeuse-studio-768x768.jpg 768w, https:\/\/maxsauter.net\/photographie\/wp-content\/uploads\/2016\/10\/nu-pulpeuse-studio.jpg 1980w\" sizes=\"auto, (max-width: 900px) 100vw, 900px\" \/><\/p>\n<p><img loading=\"lazy\" decoding=\"async\" class=\"alignnone wp-image-76\" src=\"https:\/\/maxsauter.net\/photographie\/wp-content\/uploads\/2016\/10\/mode-couple-paris-concorde-768x1024.jpg\" alt=\"mode-couple-paris-concorde\" width=\"900\" height=\"1200\" srcset=\"https:\/\/maxsauter.net\/photographie\/wp-content\/uploads\/2016\/10\/mode-couple-paris-concorde-768x1024.jpg 768w, https:\/\/maxsauter.net\/photographie\/wp-content\/uploads\/2016\/10\/mode-couple-paris-concorde-225x300.jpg 225w, https:\/\/maxsauter.net\/photographie\/wp-content\/uploads\/2016\/10\/mode-couple-paris-concorde.jpg 1485w\" sizes=\"auto, (max-width: 900px) 100vw, 900px\" \/><\/p>\n<p><img loading=\"lazy\" decoding=\"async\" class=\"alignnone wp-image-96\" src=\"https:\/\/maxsauter.net\/photographie\/wp-content\/uploads\/2016\/10\/portrait-melancolie-femme-683x1024.jpg\" alt=\"portrait-melancolie-femme\" width=\"900\" height=\"1350\" srcset=\"https:\/\/maxsauter.net\/photographie\/wp-content\/uploads\/2016\/10\/portrait-melancolie-femme-683x1024.jpg 683w, https:\/\/maxsauter.net\/photographie\/wp-content\/uploads\/2016\/10\/portrait-melancolie-femme-200x300.jpg 200w, https:\/\/maxsauter.net\/photographie\/wp-content\/uploads\/2016\/10\/portrait-melancolie-femme-768x1152.jpg 768w, https:\/\/maxsauter.net\/photographie\/wp-content\/uploads\/2016\/10\/portrait-melancolie-femme.jpg 1320w\" sizes=\"auto, (max-width: 900px) 100vw, 900px\" \/><\/p>\n<p><img loading=\"lazy\" decoding=\"async\" class=\"alignnone wp-image-83 size-large\" src=\"https:\/\/maxsauter.net\/photographie\/wp-content\/uploads\/2016\/10\/nu-soleil-goldenhour-1024x683.jpg\" alt=\"nu-soleil-goldenhour\" width=\"900\" height=\"600\" srcset=\"https:\/\/maxsauter.net\/photographie\/wp-content\/uploads\/2016\/10\/nu-soleil-goldenhour-1024x683.jpg 1024w, https:\/\/maxsauter.net\/photographie\/wp-content\/uploads\/2016\/10\/nu-soleil-goldenhour-300x200.jpg 300w, https:\/\/maxsauter.net\/photographie\/wp-content\/uploads\/2016\/10\/nu-soleil-goldenhour-768x512.jpg 768w, https:\/\/maxsauter.net\/photographie\/wp-content\/uploads\/2016\/10\/nu-soleil-goldenhour.jpg 1980w\" sizes=\"auto, (max-width: 900px) 100vw, 900px\" \/><\/p>\n<p><img loading=\"lazy\" decoding=\"async\" class=\"alignnone wp-image-88 size-large\" src=\"https:\/\/maxsauter.net\/photographie\/wp-content\/uploads\/2016\/10\/photo-mode-parking-2-1024x683.jpg\" alt=\"photo-mode-parking-2\" width=\"900\" height=\"600\" srcset=\"https:\/\/maxsauter.net\/photographie\/wp-content\/uploads\/2016\/10\/photo-mode-parking-2-1024x683.jpg 1024w, https:\/\/maxsauter.net\/photographie\/wp-content\/uploads\/2016\/10\/photo-mode-parking-2-300x200.jpg 300w, https:\/\/maxsauter.net\/photographie\/wp-content\/uploads\/2016\/10\/photo-mode-parking-2-768x512.jpg 768w, https:\/\/maxsauter.net\/photographie\/wp-content\/uploads\/2016\/10\/photo-mode-parking-2.jpg 1980w\" sizes=\"auto, (max-width: 900px) 100vw, 900px\" \/><\/p>\n<p><img loading=\"lazy\" decoding=\"async\" class=\"alignnone wp-image-77 size-large\" src=\"https:\/\/maxsauter.net\/photographie\/wp-content\/uploads\/2016\/10\/mode-couple-passe-muraille-1024x768.jpg\" alt=\"mode-couple-passe-muraille\" width=\"900\" height=\"675\" srcset=\"https:\/\/maxsauter.net\/photographie\/wp-content\/uploads\/2016\/10\/mode-couple-passe-muraille-1024x768.jpg 1024w, https:\/\/maxsauter.net\/photographie\/wp-content\/uploads\/2016\/10\/mode-couple-passe-muraille-300x225.jpg 300w, https:\/\/maxsauter.net\/photographie\/wp-content\/uploads\/2016\/10\/mode-couple-passe-muraille-768x576.jpg 768w, https:\/\/maxsauter.net\/photographie\/wp-content\/uploads\/2016\/10\/mode-couple-passe-muraille.jpg 1980w\" sizes=\"auto, (max-width: 900px) 100vw, 900px\" \/><\/p>\n<p><img loading=\"lazy\" decoding=\"async\" class=\"alignnone wp-image-81\" src=\"https:\/\/maxsauter.net\/photographie\/wp-content\/uploads\/2016\/10\/nu-douceur-studio-683x1024.jpg\" alt=\"nu-douceur-studio\" width=\"900\" height=\"1350\" srcset=\"https:\/\/maxsauter.net\/photographie\/wp-content\/uploads\/2016\/10\/nu-douceur-studio-683x1024.jpg 683w, https:\/\/maxsauter.net\/photographie\/wp-content\/uploads\/2016\/10\/nu-douceur-studio-200x300.jpg 200w, https:\/\/maxsauter.net\/photographie\/wp-content\/uploads\/2016\/10\/nu-douceur-studio-768x1152.jpg 768w, https:\/\/maxsauter.net\/photographie\/wp-content\/uploads\/2016\/10\/nu-douceur-studio.jpg 1320w\" sizes=\"auto, (max-width: 900px) 100vw, 900px\" \/><\/p>\n","protected":false},"excerpt":{"rendered":"<p>Portrait &#8211; Mode &#8211; Beaut\u00e9 &#8211; Boudoir &#8211; Nu Dans l&rsquo;exercice photographique, j&rsquo;aime par dessus tout la rencontre, raison pour laquelle j&rsquo;affectionne particuli\u00e8rement le style \u00ab\u00a0portrait\u00a0\u00bb. Je suis intimement convaincu qu&rsquo;une s\u00e9ance de portrait ne peut \u00eatre r\u00e9ussie que si tous les acteurs en pr\u00e9sence, \u00e0 commencer par le mod\u00e8le et le photographe, mais aussi [&hellip;]<\/p>\n","protected":false},"author":1,"featured_media":99,"parent":0,"menu_order":10,"comment_status":"open","ping_status":"open","template":"","meta":{"_monsterinsights_skip_tracking":false,"_monsterinsights_sitenote_active":false,"_monsterinsights_sitenote_note":"","_monsterinsights_sitenote_category":0,"footnotes":""},"class_list":{"0":"post-7","1":"page","2":"type-page","3":"status-publish","4":"has-post-thumbnail","5":"hentry","6":"","7":"blog-blocks-layout","8":"blog-style-imgblock","10":"blog-alt-odd"},"aioseo_notices":[],"_links":{"self":[{"href":"https:\/\/maxsauter.net\/photographie\/wp-json\/wp\/v2\/pages\/7","targetHints":{"allow":["GET"]}}],"collection":[{"href":"https:\/\/maxsauter.net\/photographie\/wp-json\/wp\/v2\/pages"}],"about":[{"href":"https:\/\/maxsauter.net\/photographie\/wp-json\/wp\/v2\/types\/page"}],"author":[{"embeddable":true,"href":"https:\/\/maxsauter.net\/photographie\/wp-json\/wp\/v2\/users\/1"}],"replies":[{"embeddable":true,"href":"https:\/\/maxsauter.net\/photographie\/wp-json\/wp\/v2\/comments?post=7"}],"version-history":[{"count":24,"href":"https:\/\/maxsauter.net\/photographie\/wp-json\/wp\/v2\/pages\/7\/revisions"}],"predecessor-version":[{"id":373,"href":"https:\/\/maxsauter.net\/photographie\/wp-json\/wp\/v2\/pages\/7\/revisions\/373"}],"wp:featuredmedia":[{"embeddable":true,"href":"https:\/\/maxsauter.net\/photographie\/wp-json\/wp\/v2\/media\/99"}],"wp:attachment":[{"href":"https:\/\/maxsauter.net\/photographie\/wp-json\/wp\/v2\/media?parent=7"}],"curies":[{"name":"wp","href":"https:\/\/api.w.org\/{rel}","templated":true}]}}